{"id":243,"date":"2026-01-21T16:46:06","date_gmt":"2026-01-21T19:46:06","guid":{"rendered":"https:\/\/quasemineira.com.br\/travel\/?page_id=243"},"modified":"2026-03-02T14:19:31","modified_gmt":"2026-03-02T17:19:31","slug":"proposta","status":"publish","type":"page","link":"https:\/\/quasemineira.com.br\/travel\/proposta\/","title":{"rendered":"Proposta"},"content":{"rendered":"\t\t<div data-elementor-type=\"wp-page\" data-elementor-id=\"243\" class=\"elementor elementor-243\" data-elementor-post-type=\"page\">\n\t\t\t\t\t\t<section class=\"elementor-section elementor-top-section elementor-element elementor-element-31e2dff elementor-section-boxed elementor-section-height-default elementor-section-height-default\" data-id=\"31e2dff\" data-element_type=\"section\" data-e-type=\"section\" data-settings=\"{&quot;background_background&quot;:&quot;gradient&quot;}\">\n\t\t\t\t\t\t<div class=\"elementor-container elementor-column-gap-default\">\n\t\t\t\t\t<div class=\"elementor-column elementor-col-100 elementor-top-column elementor-element elementor-element-4552a40\" data-id=\"4552a40\" data-element_type=\"column\" data-e-type=\"column\">\n\t\t\t<div class=\"elementor-widget-wrap elementor-element-populated\">\n\t\t\t\t\t\t<div class=\"elementor-element elementor-element-974809c elementor-widget elementor-widget-heading\" data-id=\"974809c\" data-element_type=\"widget\" data-e-type=\"widget\" data-widget_type=\"heading.default\">\n\t\t\t\t\t<h2 class=\"elementor-heading-title elementor-size-default\">Proposta<\/h2>\t\t\t\t<\/div>\n\t\t\t\t<div class=\"elementor-element elementor-element-b326b3f elementor-widget elementor-widget-heading\" data-id=\"b326b3f\" data-element_type=\"widget\" data-e-type=\"widget\" data-widget_type=\"heading.default\">\n\t\t\t\t\t<h3 class=\"elementor-heading-title elementor-size-default\">Gostou e quer um site para sua ag\u00eancia de viagens tamb\u00e9m? Confira nossa proposta!<\/h3>\t\t\t\t<\/div>\n\t\t\t\t\t<\/div>\n\t\t<\/div>\n\t\t\t\t\t<\/div>\n\t\t<\/section>\n\t\t\t\t<section class=\"elementor-section elementor-top-section elementor-element elementor-element-47976f5 elementor-section-boxed elementor-section-height-default elementor-section-height-default\" data-id=\"47976f5\" data-element_type=\"section\" data-e-type=\"section\">\n\t\t\t\t\t\t<div class=\"elementor-container elementor-column-gap-default\">\n\t\t\t\t\t<div class=\"elementor-column elementor-col-100 elementor-top-column elementor-element elementor-element-2d439f9\" data-id=\"2d439f9\" data-element_type=\"column\" data-e-type=\"column\" data-settings=\"{&quot;background_background&quot;:&quot;classic&quot;}\">\n\t\t\t<div class=\"elementor-widget-wrap elementor-element-populated\">\n\t\t\t\t\t\t<div class=\"elementor-element elementor-element-9193d9f elementor-widget elementor-widget-text-editor\" data-id=\"9193d9f\" data-element_type=\"widget\" data-e-type=\"widget\" data-widget_type=\"text-editor.default\">\n\t\t\t\t\t\t\t\t\t<h2>Quer um site como este para a sua ag\u00eancia?<\/h2>\n<p data-path-to-node=\"4\">Este site que voc\u00ea est\u00e1 navegando \u00e9 um modelo real do que posso entregar para o seu neg\u00f3cio. Meu foco n\u00e3o \u00e9 apenas &#8220;fazer um site bonitinho&#8221;, mas criar uma ferramenta que passe confian\u00e7a para o seu cliente e que seja lida com facilidade pelas IAs (como o ChatGPT), ajudando sua ag\u00eancia a aparecer como recomenda\u00e7\u00e3o.<\/p>\n<h3 data-path-to-node=\"5\">Como funciona o projeto:<\/h3>\n<ul>\n<li>\n<p data-path-to-node=\"6,0,0\"><b data-path-to-node=\"6,0,0\" data-index-in-node=\"0\">Estrutura Completa:<\/b> O site j\u00e1 vem com banner de impacto, sobre a empresa, descri\u00e7\u00e3o de servi\u00e7os, depoimentos, bot\u00e3o de WhatsApp sempre vis\u00edvel, formul\u00e1rio de contato e blog (opcional).<\/p>\n<\/li>\n<li>\n<p data-path-to-node=\"6,1,0\"><b data-path-to-node=\"6,1,0\" data-index-in-node=\"0\">Tudo em seu nome:<\/b> A hospedagem e o dom\u00ednio s\u00e3o feitos na <b data-path-to-node=\"6,1,0\" data-index-in-node=\"57\">Hostinger<\/b> (n\u00e3o trabalho com Locaweb ou GoDaddy por quest\u00f5es de qualidade). Eu configuro tudo, mas o cadastro fica no seu nome, garantindo que o site \u00e9 100% seu.<\/p>\n<\/li>\n<li>\n<p data-path-to-node=\"6,2,0\"><b data-path-to-node=\"6,2,0\" data-index-in-node=\"0\">O que est\u00e1 incluso:<\/b> Cria\u00e7\u00e3o do site + 1 ano de hospedagem e dom\u00ednio + cria\u00e7\u00e3o de e-mails profissionais.<\/p>\n<\/li>\n<li>\n<p data-path-to-node=\"6,2,0\"><b>BRINDE&nbsp;<\/b><span style=\"background-color: transparent;\"><b>\u2b50&nbsp;<\/b><\/span><span style=\"background-color: transparent;\">Voc\u00ea ganha uma arte de story para seu Instagram para divulgar o novo site.<\/span><\/p>\n<\/li>\n<li>\n<p data-path-to-node=\"6,3,0\"><b data-path-to-node=\"6,3,0\" data-index-in-node=\"0\">Manuten\u00e7\u00e3o:<\/b> Voc\u00ea tem 1 ano de garantia t\u00e9cnica para o meu trabalho.<\/p>\n<\/li>\n<li data-path-to-node=\"3,0\"><b data-path-to-node=\"3,0\" data-index-in-node=\"0\">Personaliza\u00e7\u00e3o com a sua Marca:<\/b> O site ser\u00e1 totalmente personalizado com as <b data-path-to-node=\"3,0\" data-index-in-node=\"76\">suas cores e a sua logomarca<\/b>, seguindo a identidade visual da sua ag\u00eancia.\n<p><i data-path-to-node=\"3,1\" data-index-in-node=\"0\">Observa\u00e7\u00e3o importante:<\/i> Este valor de R$ 2.500,00 refere-se \u00e0 aplica\u00e7\u00e3o da sua identidade no site. Caso voc\u00ea ainda n\u00e3o tenha uma marca e precise da cria\u00e7\u00e3o de uma <b data-path-to-node=\"3,1\" data-index-in-node=\"162\">Identidade Visual completa (Logotipo, paleta de cores, tipografia)<\/b>, n\u00f3s tamb\u00e9m oferecemos esse servi\u00e7o \u00e0 parte com um or\u00e7amento espec\u00edfico.<\/p>\n<\/li>\n<\/ul>\n<h3 data-path-to-node=\"7\">Prazos e Pagamento:<\/h3>\n<ul data-path-to-node=\"8\">\n<li>\n<p data-path-to-node=\"8,0,0\"><b data-path-to-node=\"8,0,0\" data-index-in-node=\"0\">Investimento:<\/b> <span style=\"color: #339966;\"><b data-path-to-node=\"8,0,0\" data-index-in-node=\"14\">R$ 2.500,00<\/b><\/span> (emito nota fiscal).<\/p>\n<\/li>\n<li>\n<p data-path-to-node=\"8,1,0\"><b data-path-to-node=\"8,1,0\" data-index-in-node=\"0\">Forma de pagamento:<\/b> 50% para come\u00e7ar o projeto e 50% na entrega final.<\/p>\n<\/li>\n<li>\n<p data-path-to-node=\"8,2,0\"><b data-path-to-node=\"8,2,0\" data-index-in-node=\"0\">Prazo:<\/b> Entrego tudo pronto em no m\u00e1ximo <b data-path-to-node=\"8,2,0\" data-index-in-node=\"40\">UMA SEMANA \u2b50 Garanta j\u00e1!<\/b><\/p>\n<blockquote data-path-to-node=\"8,2,1\">\n<p data-path-to-node=\"8,2,1,0\"><i data-path-to-node=\"8,2,1,0\" data-index-in-node=\"0\">Importante: Esse prazo depende da rapidez com que voc\u00ea me envia as informa\u00e7\u00f5es e aprova as etapas. Se a resposta demorar, o prazo de entrega estica na mesma propor\u00e7\u00e3o.<\/i><\/p>\n<\/blockquote>\n<\/li>\n<\/ul>\n<h3 data-path-to-node=\"9\">Regras Claros e Transpar\u00eancia:<\/h3>\n<ol start=\"1\" data-path-to-node=\"10\">\n<li>\n<p data-path-to-node=\"10,0,0\"><b data-path-to-node=\"10,0,0\" data-index-in-node=\"0\">Personaliza\u00e7\u00e3o:<\/b> Os itens que voc\u00ea v\u00ea aqui neste site exemplo s\u00e3o sugest\u00f5es. Podemos tirar ou acrescentar o que voc\u00ea precisar, mas qualquer funcionalidade extra ser\u00e1 avaliada mediante um novo or\u00e7amento.<\/p>\n<\/li>\n<li>\n<p data-path-to-node=\"10,1,0\"><b data-path-to-node=\"10,1,0\" data-index-in-node=\"0\">Renova\u00e7\u00e3o:<\/b> Ap\u00f3s o primeiro ano, existe uma taxa de renova\u00e7\u00e3o de <b data-path-to-node=\"10,1,0\" data-index-in-node=\"64\">R$ 300,00<\/b>. Note que este valor \u00e9 da minha manuten\u00e7\u00e3o t\u00e9cnica e n\u00e3o cobre servi\u00e7os extras ou taxas adicionais que a Hostinger possa cobrar por fora.<\/p>\n<\/li>\n<li>\n<p data-path-to-node=\"10,2,0\"><b data-path-to-node=\"10,2,0\" data-index-in-node=\"0\">Garantia T\u00e9cnica:<\/b> Eu garanto o funcionamento perfeito do que eu entregar. Se voc\u00ea (ou outra pessoa) mexer nas configura\u00e7\u00f5es, instalar plugins por conta pr\u00f3pria ou alterar o c\u00f3digo e o site &#8220;quebrar&#8221;, eu cobro uma taxa extra para realizar o conserto.<\/p>\n<\/li>\n<\/ol>\n<p><!-- \/wp:paragraph --><\/p>\t\t\t\t\t\t\t\t<\/div>\n\t\t\t\t\t<\/div>\n\t\t<\/div>\n\t\t\t\t\t<\/div>\n\t\t<\/section>\n\t\t\t\t<section class=\"elementor-section elementor-top-section elementor-element elementor-element-b0e41cd elementor-section-boxed elementor-section-height-default elementor-section-height-default\" data-id=\"b0e41cd\" data-element_type=\"section\" data-e-type=\"section\">\n\t\t\t\t\t\t<div class=\"elementor-container elementor-column-gap-default\">\n\t\t\t\t\t<div class=\"elementor-column elementor-col-100 elementor-top-column elementor-element elementor-element-0cbdb2c\" data-id=\"0cbdb2c\" data-element_type=\"column\" data-e-type=\"column\">\n\t\t\t<div class=\"elementor-widget-wrap elementor-element-populated\">\n\t\t\t\t\t\t<div class=\"elementor-element elementor-element-915707f elementor-widget elementor-widget-heading\" data-id=\"915707f\" data-element_type=\"widget\" data-e-type=\"widget\" data-widget_type=\"heading.default\">\n\t\t\t\t\t<h2 class=\"elementor-heading-title elementor-size-default\">D\u00favidas Frequentes<\/h2>\t\t\t\t<\/div>\n\t\t\t\t<div class=\"elementor-element elementor-element-edddd71 elementor-widget elementor-widget-toggle\" data-id=\"edddd71\" data-element_type=\"widget\" data-e-type=\"widget\" data-widget_type=\"toggle.default\">\n\t\t\t\t\t\t\t<div class=\"elementor-toggle\">\n\t\t\t\t\t\t\t<div class=\"elementor-toggle-item\">\n\t\t\t\t\t<div id=\"elementor-tab-title-2491\" class=\"elementor-tab-title\" data-tab=\"1\" role=\"button\" aria-controls=\"elementor-tab-content-2491\" aria-expanded=\"false\">\n\t\t\t\t\t\t\t\t\t\t\t\t<span class=\"elementor-toggle-icon elementor-toggle-icon-left\" aria-hidden=\"true\">\n\t\t\t\t\t\t\t\t\t\t\t\t\t\t\t<span class=\"elementor-toggle-icon-closed\"><svg class=\"e-font-icon-svg e-fas-caret-right\" viewBox=\"0 0 192 512\" xmlns=\"http:\/\/www.w3.org\/2000\/svg\"><path d=\"M0 384.662V127.338c0-17.818 21.543-26.741 34.142-14.142l128.662 128.662c7.81 7.81 7.81 20.474 0 28.284L34.142 398.804C21.543 411.404 0 402.48 0 384.662z\"><\/path><\/svg><\/span>\n\t\t\t\t\t\t\t\t<span class=\"elementor-toggle-icon-opened\"><svg class=\"elementor-toggle-icon-opened e-font-icon-svg e-fas-caret-up\" viewBox=\"0 0 320 512\" xmlns=\"http:\/\/www.w3.org\/2000\/svg\"><path d=\"M288.662 352H31.338c-17.818 0-26.741-21.543-14.142-34.142l128.662-128.662c7.81-7.81 20.474-7.81 28.284 0l128.662 128.662c12.6 12.599 3.676 34.142-14.142 34.142z\"><\/path><\/svg><\/span>\n\t\t\t\t\t\t\t\t\t\t\t\t\t<\/span>\n\t\t\t\t\t\t\t\t\t\t\t\t<a class=\"elementor-toggle-title\" tabindex=\"0\">O site ser\u00e1 meu ou ficarei dependente de voc\u00ea?<\/a>\n\t\t\t\t\t<\/div>\n\n\t\t\t\t\t<div id=\"elementor-tab-content-2491\" class=\"elementor-tab-content elementor-clearfix\" data-tab=\"1\" role=\"region\" aria-labelledby=\"elementor-tab-title-2491\"><p><strong>O site \u00e9 100% seu.<\/strong> O dom\u00ednio e a hospedagem na Hostinger s\u00e3o registrados no seu nome ou no da sua empresa. Eu realizo toda a configura\u00e7\u00e3o t\u00e9cnica, mas voc\u00ea det\u00e9m a propriedade total do seu endere\u00e7o na web.<\/p><\/div>\n\t\t\t\t<\/div>\n\t\t\t\t\t\t\t<div class=\"elementor-toggle-item\">\n\t\t\t\t\t<div id=\"elementor-tab-title-2492\" class=\"elementor-tab-title\" data-tab=\"2\" role=\"button\" aria-controls=\"elementor-tab-content-2492\" aria-expanded=\"false\">\n\t\t\t\t\t\t\t\t\t\t\t\t<span class=\"elementor-toggle-icon elementor-toggle-icon-left\" aria-hidden=\"true\">\n\t\t\t\t\t\t\t\t\t\t\t\t\t\t\t<span class=\"elementor-toggle-icon-closed\"><svg class=\"e-font-icon-svg e-fas-caret-right\" viewBox=\"0 0 192 512\" xmlns=\"http:\/\/www.w3.org\/2000\/svg\"><path d=\"M0 384.662V127.338c0-17.818 21.543-26.741 34.142-14.142l128.662 128.662c7.81 7.81 7.81 20.474 0 28.284L34.142 398.804C21.543 411.404 0 402.48 0 384.662z\"><\/path><\/svg><\/span>\n\t\t\t\t\t\t\t\t<span class=\"elementor-toggle-icon-opened\"><svg class=\"elementor-toggle-icon-opened e-font-icon-svg e-fas-caret-up\" viewBox=\"0 0 320 512\" xmlns=\"http:\/\/www.w3.org\/2000\/svg\"><path d=\"M288.662 352H31.338c-17.818 0-26.741-21.543-14.142-34.142l128.662-128.662c7.81-7.81 20.474-7.81 28.284 0l128.662 128.662c12.6 12.599 3.676 34.142-14.142 34.142z\"><\/path><\/svg><\/span>\n\t\t\t\t\t\t\t\t\t\t\t\t\t<\/span>\n\t\t\t\t\t\t\t\t\t\t\t\t<a class=\"elementor-toggle-title\" tabindex=\"0\">O que acontece ap\u00f3s o primeiro ano?<\/a>\n\t\t\t\t\t<\/div>\n\n\t\t\t\t\t<div id=\"elementor-tab-content-2492\" class=\"elementor-tab-content elementor-clearfix\" data-tab=\"2\" role=\"region\" aria-labelledby=\"elementor-tab-title-2492\"><p>Para manter o site no ar e com suporte, existe uma taxa de renova\u00e7\u00e3o anual de <b data-path-to-node=\"5\" data-index-in-node=\"117\">R$ 300,00<\/b>. Este valor refere-se \u00e0 minha manuten\u00e7\u00e3o t\u00e9cnica. As taxas de renova\u00e7\u00e3o de dom\u00ednio e hospedagem da pr\u00f3pria Hostinger s\u00e3o pagas diretamente \u00e0 plataforma.<\/p><\/div>\n\t\t\t\t<\/div>\n\t\t\t\t\t\t\t<div class=\"elementor-toggle-item\">\n\t\t\t\t\t<div id=\"elementor-tab-title-2493\" class=\"elementor-tab-title\" data-tab=\"3\" role=\"button\" aria-controls=\"elementor-tab-content-2493\" aria-expanded=\"false\">\n\t\t\t\t\t\t\t\t\t\t\t\t<span class=\"elementor-toggle-icon elementor-toggle-icon-left\" aria-hidden=\"true\">\n\t\t\t\t\t\t\t\t\t\t\t\t\t\t\t<span class=\"elementor-toggle-icon-closed\"><svg class=\"e-font-icon-svg e-fas-caret-right\" viewBox=\"0 0 192 512\" xmlns=\"http:\/\/www.w3.org\/2000\/svg\"><path d=\"M0 384.662V127.338c0-17.818 21.543-26.741 34.142-14.142l128.662 128.662c7.81 7.81 7.81 20.474 0 28.284L34.142 398.804C21.543 411.404 0 402.48 0 384.662z\"><\/path><\/svg><\/span>\n\t\t\t\t\t\t\t\t<span class=\"elementor-toggle-icon-opened\"><svg class=\"elementor-toggle-icon-opened e-font-icon-svg e-fas-caret-up\" viewBox=\"0 0 320 512\" xmlns=\"http:\/\/www.w3.org\/2000\/svg\"><path d=\"M288.662 352H31.338c-17.818 0-26.741-21.543-14.142-34.142l128.662-128.662c7.81-7.81 20.474-7.81 28.284 0l128.662 128.662c12.6 12.599 3.676 34.142-14.142 34.142z\"><\/path><\/svg><\/span>\n\t\t\t\t\t\t\t\t\t\t\t\t\t<\/span>\n\t\t\t\t\t\t\t\t\t\t\t\t<a class=\"elementor-toggle-title\" tabindex=\"0\">Posso eu mesmo atualizar o blog ou trocar fotos?<\/a>\n\t\t\t\t\t<\/div>\n\n\t\t\t\t\t<div id=\"elementor-tab-content-2493\" class=\"elementor-tab-content elementor-clearfix\" data-tab=\"3\" role=\"region\" aria-labelledby=\"elementor-tab-title-2493\"><p>Sim! O site \u00e9 constru\u00eddo de forma que voc\u00ea tenha autonomia para postar novos textos no blog ou alterar informa\u00e7\u00f5es simples. Eu entrego o site pronto para uso, mas se voc\u00ea preferir que eu fa\u00e7a as atualiza\u00e7\u00f5es mensais, podemos combinar um valor \u00e0 parte.<\/p><\/div>\n\t\t\t\t<\/div>\n\t\t\t\t\t\t\t<div class=\"elementor-toggle-item\">\n\t\t\t\t\t<div id=\"elementor-tab-title-2494\" class=\"elementor-tab-title\" data-tab=\"4\" role=\"button\" aria-controls=\"elementor-tab-content-2494\" aria-expanded=\"false\">\n\t\t\t\t\t\t\t\t\t\t\t\t<span class=\"elementor-toggle-icon elementor-toggle-icon-left\" aria-hidden=\"true\">\n\t\t\t\t\t\t\t\t\t\t\t\t\t\t\t<span class=\"elementor-toggle-icon-closed\"><svg class=\"e-font-icon-svg e-fas-caret-right\" viewBox=\"0 0 192 512\" xmlns=\"http:\/\/www.w3.org\/2000\/svg\"><path d=\"M0 384.662V127.338c0-17.818 21.543-26.741 34.142-14.142l128.662 128.662c7.81 7.81 7.81 20.474 0 28.284L34.142 398.804C21.543 411.404 0 402.48 0 384.662z\"><\/path><\/svg><\/span>\n\t\t\t\t\t\t\t\t<span class=\"elementor-toggle-icon-opened\"><svg class=\"elementor-toggle-icon-opened e-font-icon-svg e-fas-caret-up\" viewBox=\"0 0 320 512\" xmlns=\"http:\/\/www.w3.org\/2000\/svg\"><path d=\"M288.662 352H31.338c-17.818 0-26.741-21.543-14.142-34.142l128.662-128.662c7.81-7.81 20.474-7.81 28.284 0l128.662 128.662c12.6 12.599 3.676 34.142-14.142 34.142z\"><\/path><\/svg><\/span>\n\t\t\t\t\t\t\t\t\t\t\t\t\t<\/span>\n\t\t\t\t\t\t\t\t\t\t\t\t<a class=\"elementor-toggle-title\" tabindex=\"0\">E se o site der algum erro t\u00e9cnico?<\/a>\n\t\t\t\t\t<\/div>\n\n\t\t\t\t\t<div id=\"elementor-tab-content-2494\" class=\"elementor-tab-content elementor-clearfix\" data-tab=\"4\" role=\"region\" aria-labelledby=\"elementor-tab-title-2494\"><p>u dou garantia total sobre o trabalho que eu entreguei. Se houver algum problema t\u00e9cnico de sistema ou erro de servidor dentro do per\u00edodo de manuten\u00e7\u00e3o, eu resolvo sem custos. Por\u00e9m, se o erro for causado por altera\u00e7\u00f5es feitas pelo cliente (instala\u00e7\u00e3o de novos plugins ou mexidas no c\u00f3digo), ser\u00e1 cobrado um valor adicional para o conserto.<\/p><\/div>\n\t\t\t\t<\/div>\n\t\t\t\t\t\t\t<div class=\"elementor-toggle-item\">\n\t\t\t\t\t<div id=\"elementor-tab-title-2495\" class=\"elementor-tab-title\" data-tab=\"5\" role=\"button\" aria-controls=\"elementor-tab-content-2495\" aria-expanded=\"false\">\n\t\t\t\t\t\t\t\t\t\t\t\t<span class=\"elementor-toggle-icon elementor-toggle-icon-left\" aria-hidden=\"true\">\n\t\t\t\t\t\t\t\t\t\t\t\t\t\t\t<span class=\"elementor-toggle-icon-closed\"><svg class=\"e-font-icon-svg e-fas-caret-right\" viewBox=\"0 0 192 512\" xmlns=\"http:\/\/www.w3.org\/2000\/svg\"><path d=\"M0 384.662V127.338c0-17.818 21.543-26.741 34.142-14.142l128.662 128.662c7.81 7.81 7.81 20.474 0 28.284L34.142 398.804C21.543 411.404 0 402.48 0 384.662z\"><\/path><\/svg><\/span>\n\t\t\t\t\t\t\t\t<span class=\"elementor-toggle-icon-opened\"><svg class=\"elementor-toggle-icon-opened e-font-icon-svg e-fas-caret-up\" viewBox=\"0 0 320 512\" xmlns=\"http:\/\/www.w3.org\/2000\/svg\"><path d=\"M288.662 352H31.338c-17.818 0-26.741-21.543-14.142-34.142l128.662-128.662c7.81-7.81 20.474-7.81 28.284 0l128.662 128.662c12.6 12.599 3.676 34.142-14.142 34.142z\"><\/path><\/svg><\/span>\n\t\t\t\t\t\t\t\t\t\t\t\t\t<\/span>\n\t\t\t\t\t\t\t\t\t\t\t\t<a class=\"elementor-toggle-title\" tabindex=\"0\">Por que voc\u00ea n\u00e3o trabalha com Locaweb ou GoDaddy?<\/a>\n\t\t\t\t\t<\/div>\n\n\t\t\t\t\t<div id=\"elementor-tab-content-2495\" class=\"elementor-tab-content elementor-clearfix\" data-tab=\"5\" role=\"region\" aria-labelledby=\"elementor-tab-title-2495\"><p>Para garantir que seu site seja r\u00e1pido e n\u00e3o caia, eu utilizo apenas servidores de alta performance (Hostinger). Plataformas como Locaweb e GoDaddy costumam apresentar lentid\u00e3o e dificuldades t\u00e9cnicas que prejudicam o SEO e a experi\u00eancia do seu cliente, por isso, priorizo a qualidade da sua entrega.<\/p><\/div>\n\t\t\t\t<\/div>\n\t\t\t\t\t\t\t<div class=\"elementor-toggle-item\">\n\t\t\t\t\t<div id=\"elementor-tab-title-2496\" class=\"elementor-tab-title\" data-tab=\"6\" role=\"button\" aria-controls=\"elementor-tab-content-2496\" aria-expanded=\"false\">\n\t\t\t\t\t\t\t\t\t\t\t\t<span class=\"elementor-toggle-icon elementor-toggle-icon-left\" aria-hidden=\"true\">\n\t\t\t\t\t\t\t\t\t\t\t\t\t\t\t<span class=\"elementor-toggle-icon-closed\"><svg class=\"e-font-icon-svg e-fas-caret-right\" viewBox=\"0 0 192 512\" xmlns=\"http:\/\/www.w3.org\/2000\/svg\"><path d=\"M0 384.662V127.338c0-17.818 21.543-26.741 34.142-14.142l128.662 128.662c7.81 7.81 7.81 20.474 0 28.284L34.142 398.804C21.543 411.404 0 402.48 0 384.662z\"><\/path><\/svg><\/span>\n\t\t\t\t\t\t\t\t<span class=\"elementor-toggle-icon-opened\"><svg class=\"elementor-toggle-icon-opened e-font-icon-svg e-fas-caret-up\" viewBox=\"0 0 320 512\" xmlns=\"http:\/\/www.w3.org\/2000\/svg\"><path d=\"M288.662 352H31.338c-17.818 0-26.741-21.543-14.142-34.142l128.662-128.662c7.81-7.81 20.474-7.81 28.284 0l128.662 128.662c12.6 12.599 3.676 34.142-14.142 34.142z\"><\/path><\/svg><\/span>\n\t\t\t\t\t\t\t\t\t\t\t\t\t<\/span>\n\t\t\t\t\t\t\t\t\t\t\t\t<a class=\"elementor-toggle-title\" tabindex=\"0\">Posso adicionar fun\u00e7\u00f5es que n\u00e3o est\u00e3o neste exemplo?<\/a>\n\t\t\t\t\t<\/div>\n\n\t\t\t\t\t<div id=\"elementor-tab-content-2496\" class=\"elementor-tab-content elementor-clearfix\" data-tab=\"6\" role=\"region\" aria-labelledby=\"elementor-tab-title-2496\"><p>Com certeza. Este site \u00e9 uma base s\u00f3lida, mas se voc\u00ea precisar de um sistema de reservas mais complexo, integra\u00e7\u00e3o com sistemas espec\u00edficos ou outras fun\u00e7\u00f5es, basta me avisar. Eu farei um or\u00e7amento \u00e0 parte para esses itens extras.<\/p><\/div>\n\t\t\t\t<\/div>\n\t\t\t\t\t\t\t\t<\/div>\n\t\t\t\t\t\t<\/div>\n\t\t\t\t\t<\/div>\n\t\t<\/div>\n\t\t\t\t\t<\/div>\n\t\t<\/section>\n\t\t\t\t<section class=\"elementor-section elementor-top-section elementor-element elementor-element-e02f49b elementor-section-boxed elementor-section-height-default elementor-section-height-default\" data-id=\"e02f49b\" data-element_type=\"section\" data-e-type=\"section\" data-settings=\"{&quot;background_background&quot;:&quot;classic&quot;}\">\n\t\t\t\t\t\t\t<div class=\"elementor-background-overlay\"><\/div>\n\t\t\t\t\t\t\t<div class=\"elementor-container elementor-column-gap-default\">\n\t\t\t\t\t<div class=\"elementor-column elementor-col-100 elementor-top-column elementor-element elementor-element-ea38246\" data-id=\"ea38246\" data-element_type=\"column\" data-e-type=\"column\">\n\t\t\t<div class=\"elementor-widget-wrap elementor-element-populated\">\n\t\t\t\t\t\t<div class=\"elementor-element elementor-element-ec2e1dc elementor-view-default elementor-widget elementor-widget-icon\" data-id=\"ec2e1dc\" data-element_type=\"widget\" data-e-type=\"widget\" data-widget_type=\"icon.default\">\n\t\t\t\t\t\t\t<div class=\"elementor-icon-wrapper\">\n\t\t\t<div class=\"elementor-icon\">\n\t\t\t<svg aria-hidden=\"true\" class=\"e-font-icon-svg e-far-paper-plane\" viewBox=\"0 0 512 512\" xmlns=\"http:\/\/www.w3.org\/2000\/svg\"><path d=\"M440 6.5L24 246.4c-34.4 19.9-31.1 70.8 5.7 85.9L144 379.6V464c0 46.4 59.2 65.5 86.6 28.6l43.8-59.1 111.9 46.2c5.9 2.4 12.1 3.6 18.3 3.6 8.2 0 16.3-2.1 23.6-6.2 12.8-7.2 21.6-20 23.9-34.5l59.4-387.2c6.1-40.1-36.9-68.8-71.5-48.9zM192 464v-64.6l36.6 15.1L192 464zm212.6-28.7l-153.8-63.5L391 169.5c10.7-15.5-9.5-33.5-23.7-21.2L155.8 332.6 48 288 464 48l-59.4 387.3z\"><\/path><\/svg>\t\t\t<\/div>\n\t\t<\/div>\n\t\t\t\t\t\t<\/div>\n\t\t\t\t<div class=\"elementor-element elementor-element-abcd1f5 elementor-widget elementor-widget-heading\" data-id=\"abcd1f5\" data-element_type=\"widget\" data-e-type=\"widget\" data-widget_type=\"heading.default\">\n\t\t\t\t\t<h2 class=\"elementor-heading-title elementor-size-default\">D\u00favidas ou Or\u00e7amentos?<\/h2>\t\t\t\t<\/div>\n\t\t\t\t<div class=\"elementor-element elementor-element-f17c016 elementor-widget elementor-widget-text-editor\" data-id=\"f17c016\" data-element_type=\"widget\" data-e-type=\"widget\" data-widget_type=\"text-editor.default\">\n\t\t\t\t\t\t\t\t\tSe voc\u00ea quer um site como este, personalizado para a sua marca, entre em contato agora. Respondemos rapidamente para agendar uma conversa e entender as necessidades da sua ag\u00eancia.\t\t\t\t\t\t\t\t<\/div>\n\t\t\t\t<div class=\"elementor-element elementor-element-2f2fd6d elementor-widget elementor-widget-button\" data-id=\"2f2fd6d\" data-element_type=\"widget\" data-e-type=\"widget\" data-widget_type=\"button.default\">\n\t\t\t\t\t\t\t\t\t\t<a class=\"elementor-button elementor-button-link elementor-size-sm elementor-animation-grow\" href=\"https:\/\/quasemineira.com.br\/travel\/contato\/\">\n\t\t\t\t\t\t<span class=\"elementor-button-content-wrapper\">\n\t\t\t\t\t\t\t\t\t<span class=\"elementor-button-text\">ENTRAR EM CONTATO<\/span>\n\t\t\t\t\t<\/span>\n\t\t\t\t\t<\/a>\n\t\t\t\t\t\t\t\t<\/div>\n\t\t\t\t\t<\/div>\n\t\t<\/div>\n\t\t\t\t\t<\/div>\n\t\t<\/section>\n\t\t\t\t<section class=\"elementor-section elementor-top-section elementor-element elementor-element-4e19bf9 elementor-section-boxed elementor-section-height-default elementor-section-height-default\" data-id=\"4e19bf9\" data-element_type=\"section\" data-e-type=\"section\" data-settings=\"{&quot;background_background&quot;:&quot;gradient&quot;}\">\n\t\t\t\t\t\t<div class=\"elementor-container elementor-column-gap-default\">\n\t\t\t\t\t<div class=\"elementor-column elementor-col-100 elementor-top-column elementor-element elementor-element-5b35719\" data-id=\"5b35719\" data-element_type=\"column\" data-e-type=\"column\">\n\t\t\t<div class=\"elementor-widget-wrap elementor-element-populated\">\n\t\t\t\t\t\t<div class=\"elementor-element elementor-element-b5e67b4 elementor-widget elementor-widget-text-editor\" data-id=\"b5e67b4\" data-element_type=\"widget\" data-e-type=\"widget\" data-widget_type=\"text-editor.default\">\n\t\t\t\t\t\t\t\t\tQM Est\u00fadio Criativo | CNPJ 40.337.089\/0001-09 \u2728 2016 \u2013 2026 \u00a9 Todos os Direitos Reservados \u2022 Site desenvolvido por <a href=\"https:\/\/portfolio.quasemineira.com.br\" target=\"_blank\" rel=\"noopener\">Stephanie Yokota<\/a>\t\t\t\t\t\t\t\t<\/div>\n\t\t\t\t\t<\/div>\n\t\t<\/div>\n\t\t\t\t\t<\/div>\n\t\t<\/section>\n\t\t\t\t<\/div>\n\t\t","protected":false},"excerpt":{"rendered":"<p>Proposta Gostou e quer um site para sua ag\u00eancia de viagens tamb\u00e9m? Confira nossa proposta! Quer um site como este para a sua ag\u00eancia? Este site que voc\u00ea est\u00e1 navegando \u00e9 um modelo real do que posso entregar para o seu neg\u00f3cio. Meu foco n\u00e3o \u00e9 apenas &#8220;fazer um site bonitinho&#8221;, mas criar uma ferramenta [&hellip;]<\/p>\n","protected":false},"author":1,"featured_media":381,"parent":0,"menu_order":0,"comment_status":"closed","ping_status":"closed","template":"elementor_canvas","meta":{"footnotes":""},"class_list":["post-243","page","type-page","status-publish","has-post-thumbnail","hentry"],"_links":{"self":[{"href":"https:\/\/quasemineira.com.br\/travel\/wp-json\/wp\/v2\/pages\/243","targetHints":{"allow":["GET"]}}],"collection":[{"href":"https:\/\/quasemineira.com.br\/travel\/wp-json\/wp\/v2\/pages"}],"about":[{"href":"https:\/\/quasemineira.com.br\/travel\/wp-json\/wp\/v2\/types\/page"}],"author":[{"embeddable":true,"href":"https:\/\/quasemineira.com.br\/travel\/wp-json\/wp\/v2\/users\/1"}],"replies":[{"embeddable":true,"href":"https:\/\/quasemineira.com.br\/travel\/wp-json\/wp\/v2\/comments?post=243"}],"version-history":[{"count":0,"href":"https:\/\/quasemineira.com.br\/travel\/wp-json\/wp\/v2\/pages\/243\/revisions"}],"wp:featuredmedia":[{"embeddable":true,"href":"https:\/\/quasemineira.com.br\/travel\/wp-json\/wp\/v2\/media\/381"}],"wp:attachment":[{"href":"https:\/\/quasemineira.com.br\/travel\/wp-json\/wp\/v2\/media?parent=243"}],"curies":[{"name":"wp","href":"https:\/\/api.w.org\/{rel}","templated":true}]}}