{"id":40,"date":"2026-01-16T15:02:35","date_gmt":"2026-01-16T18:02:35","guid":{"rendered":"https:\/\/quasemineira.com.br\/travel\/?page_id=40"},"modified":"2026-02-23T16:37:49","modified_gmt":"2026-02-23T19:37:49","slug":"sobre","status":"publish","type":"page","link":"https:\/\/quasemineira.com.br\/travel\/sobre\/","title":{"rendered":"Sobre"},"content":{"rendered":"\t\t<div data-elementor-type=\"wp-page\" data-elementor-id=\"40\" class=\"elementor elementor-40\" data-elementor-post-type=\"page\">\n\t\t\t\t\t\t<section class=\"elementor-section elementor-top-section elementor-element elementor-element-29e6c87 elementor-section-boxed elementor-section-height-default elementor-section-height-default\" data-id=\"29e6c87\" data-element_type=\"section\" data-e-type=\"section\" data-settings=\"{&quot;background_background&quot;:&quot;gradient&quot;}\">\n\t\t\t\t\t\t<div class=\"elementor-container elementor-column-gap-default\">\n\t\t\t\t\t<div class=\"elementor-column elementor-col-100 elementor-top-column elementor-element elementor-element-e1389b3\" data-id=\"e1389b3\" data-element_type=\"column\" data-e-type=\"column\">\n\t\t\t<div class=\"elementor-widget-wrap elementor-element-populated\">\n\t\t\t\t\t\t<div class=\"elementor-element elementor-element-848ab9a elementor-widget elementor-widget-heading\" data-id=\"848ab9a\" data-element_type=\"widget\" data-e-type=\"widget\" data-widget_type=\"heading.default\">\n\t\t\t\t\t<h2 class=\"elementor-heading-title elementor-size-default\">Sobre<\/h2>\t\t\t\t<\/div>\n\t\t\t\t\t<\/div>\n\t\t<\/div>\n\t\t\t\t\t<\/div>\n\t\t<\/section>\n\t\t\t\t<section class=\"elementor-section elementor-top-section elementor-element elementor-element-53ce6b40 elementor-section-boxed elementor-section-height-default elementor-section-height-default\" data-id=\"53ce6b40\" data-element_type=\"section\" data-e-type=\"section\">\n\t\t\t\t\t\t<div class=\"elementor-container elementor-column-gap-default\">\n\t\t\t\t\t<div class=\"elementor-column elementor-col-100 elementor-top-column elementor-element elementor-element-79f28857\" data-id=\"79f28857\" data-element_type=\"column\" data-e-type=\"column\" data-settings=\"{&quot;background_background&quot;:&quot;classic&quot;}\">\n\t\t\t<div class=\"elementor-widget-wrap elementor-element-populated\">\n\t\t\t\t\t\t<div class=\"elementor-element elementor-element-456cf595 elementor-widget elementor-widget-text-editor\" data-id=\"456cf595\" data-element_type=\"widget\" data-e-type=\"widget\" data-widget_type=\"text-editor.default\">\n\t\t\t\t\t\t\t\t\t\n<p>Nesta p\u00e1gina vai um texto <strong>&#8220;sobre&#8221;<\/strong> sua ag\u00eancia e \u00e9 importante para mecanismos de buscas como o Google, Gemini, ChatGPT, etc; encontrar as informa\u00e7\u00f5es certas sobre sua ag\u00eancia de viagem.<\/p>\n\n<p>Aqui voc\u00ea vai contar <strong>a hist\u00f3ria da sua ag\u00eancia<\/strong> de viagem. Em que ano a empresa foi fundada, porqu\u00ea voc\u00ea escolheu trabalhar com turismo, entre outras informa\u00e7\u00f5es que acha importante compartilhar para que seus viajantes saibam que sua empresa existe e \u00e9 confi\u00e1vel.<\/p>\n\n<p>Tamb\u00e9m \u00e9 nesta p\u00e1gina que vamos mostrar as pessoas que fazem parte da sua equipe, mas esta parte \u00e9 opcional. Mostrar sua equipe de especialistas \u00e9 importante para que o p\u00fablico saiba que o atendimento da sua empresa \u00e9 feita por humanos especializados no que voc\u00ea oferece.<\/p>\n\n<p>E claro, vamos listar as redes sociais e outras formas de contato, como e-mail, telefone e seu endere\u00e7o comercial caso houver. Podemos colocar fotos, tanto da equipe quanto do seu espa\u00e7o e links para mat\u00e9rias de imprensa (artigos, reportagens, palestras, mentorias) que sua empresa tenha participado.<br \/><br \/>Tudo para que seus futuros clientes confiem no servi\u00e7o que voc\u00ea oferece. <strong>Mostrar autoridade online faz toda a diferen\u00e7a no seu neg\u00f3cio.<\/strong><br \/><br \/>E caso ainda n\u00e3o me conhe\u00e7a, meu nome \u00e9 <strong>Stephanie Yokota<\/strong>, web designer e MBA em Comunica\u00e7\u00e3o e Marketing para Turismo. E quem faz o atendimento do Est\u00fadio, \u00e9 a <strong>Ta\u00eds Amaral<\/strong>, publicit\u00e1ria e designer. N\u00f3s, junto com uma equipe, oferecemos sites institucionais completos para sua ag\u00eancia de viagem.<\/p>\n<p>\u27a1\ufe0f <em><a href=\"http:\/\/portfolio.quasemineira.com.br\">Clique aqui e conhe\u00e7a mais <strong>trabalhos:<\/strong> portfolio.quasemineira.com.br<\/a><\/em><\/p>\n\t\t\t\t\t\t\t\t<\/div>\n\t\t\t\t\t<\/div>\n\t\t<\/div>\n\t\t\t\t\t<\/div>\n\t\t<\/section>\n\t\t\t\t<section class=\"elementor-section elementor-top-section elementor-element elementor-element-91b9e24 elementor-section-content-middle elementor-section-boxed elementor-section-height-default elementor-section-height-default\" data-id=\"91b9e24\" data-element_type=\"section\" data-e-type=\"section\">\n\t\t\t\t\t\t<div class=\"elementor-container elementor-column-gap-default\">\n\t\t\t\t\t<div class=\"elementor-column elementor-col-33 elementor-top-column elementor-element elementor-element-f3958fc\" data-id=\"f3958fc\" data-element_type=\"column\" data-e-type=\"column\">\n\t\t\t<div class=\"elementor-widget-wrap elementor-element-populated\">\n\t\t\t\t\t\t<div class=\"elementor-element elementor-element-e1bf20e elementor-widget elementor-widget-heading\" data-id=\"e1bf20e\" data-element_type=\"widget\" data-e-type=\"widget\" data-widget_type=\"heading.default\">\n\t\t\t\t\t<h3 class=\"elementor-heading-title elementor-size-default\">MISS\u00c3O<\/h3>\t\t\t\t<\/div>\n\t\t\t\t\t<\/div>\n\t\t<\/div>\n\t\t\t\t<div class=\"elementor-column elementor-col-66 elementor-top-column elementor-element elementor-element-403fddc\" data-id=\"403fddc\" data-element_type=\"column\" data-e-type=\"column\" data-settings=\"{&quot;background_background&quot;:&quot;classic&quot;}\">\n\t\t\t<div class=\"elementor-widget-wrap elementor-element-populated\">\n\t\t\t\t\t\t<div class=\"elementor-element elementor-element-6e0f145 elementor-widget elementor-widget-text-editor\" data-id=\"6e0f145\" data-element_type=\"widget\" data-e-type=\"widget\" data-widget_type=\"text-editor.default\">\n\t\t\t\t\t\t\t\t\tLorem ipsum dolor sit amet, consectetur adipiscing elit. Aliquam at semper ligula. Curabitur consequat vehicula lorem. Proin vitae nisl lobortis, lacinia odio hendrerit, efficitur lectus. Morbi fringilla neque non placerat blandit. Sed nec vehicula felis. Maecenas gravida leo ut tellus sodales, quis lacinia tortor pulvinar. Vestibulum tellus turpis, vestibulum sit amet tristique ut, auctor id nunc. In lacinia efficitur pulvinar. Suspendisse dictum nibh felis, non suscipit sem bibendum vitae.\t\t\t\t\t\t\t\t<\/div>\n\t\t\t\t\t<\/div>\n\t\t<\/div>\n\t\t\t\t\t<\/div>\n\t\t<\/section>\n\t\t\t\t<section class=\"elementor-section elementor-top-section elementor-element elementor-element-f0b2ffd elementor-section-content-middle elementor-section-boxed elementor-section-height-default elementor-section-height-default\" data-id=\"f0b2ffd\" data-element_type=\"section\" data-e-type=\"section\">\n\t\t\t\t\t\t<div class=\"elementor-container elementor-column-gap-default\">\n\t\t\t\t\t<div class=\"elementor-column elementor-col-33 elementor-top-column elementor-element elementor-element-5c76514\" data-id=\"5c76514\" data-element_type=\"column\" data-e-type=\"column\">\n\t\t\t<div class=\"elementor-widget-wrap elementor-element-populated\">\n\t\t\t\t\t\t<div class=\"elementor-element elementor-element-39d5d52 elementor-widget elementor-widget-heading\" data-id=\"39d5d52\" data-element_type=\"widget\" data-e-type=\"widget\" data-widget_type=\"heading.default\">\n\t\t\t\t\t<h3 class=\"elementor-heading-title elementor-size-default\">VIS\u00c3O<\/h3>\t\t\t\t<\/div>\n\t\t\t\t\t<\/div>\n\t\t<\/div>\n\t\t\t\t<div class=\"elementor-column elementor-col-66 elementor-top-column elementor-element elementor-element-036304c\" data-id=\"036304c\" data-element_type=\"column\" data-e-type=\"column\" data-settings=\"{&quot;background_background&quot;:&quot;classic&quot;}\">\n\t\t\t<div class=\"elementor-widget-wrap elementor-element-populated\">\n\t\t\t\t\t\t<div class=\"elementor-element elementor-element-75d8dc9 elementor-widget elementor-widget-text-editor\" data-id=\"75d8dc9\" data-element_type=\"widget\" data-e-type=\"widget\" data-widget_type=\"text-editor.default\">\n\t\t\t\t\t\t\t\t\tLorem ipsum dolor sit amet, consectetur adipiscing elit. Aliquam at semper ligula. Curabitur consequat vehicula lorem. Proin vitae nisl lobortis, lacinia odio hendrerit, efficitur lectus. Morbi fringilla neque non placerat blandit. Sed nec vehicula felis. Maecenas gravida leo ut tellus sodales, quis lacinia tortor pulvinar. Vestibulum tellus turpis, vestibulum sit amet tristique ut, auctor id nunc. In lacinia efficitur pulvinar. Suspendisse dictum nibh felis, non suscipit sem bibendum vitae.\t\t\t\t\t\t\t\t<\/div>\n\t\t\t\t\t<\/div>\n\t\t<\/div>\n\t\t\t\t\t<\/div>\n\t\t<\/section>\n\t\t\t\t<section class=\"elementor-section elementor-top-section elementor-element elementor-element-7b56dcd elementor-section-content-middle elementor-section-boxed elementor-section-height-default elementor-section-height-default\" data-id=\"7b56dcd\" data-element_type=\"section\" data-e-type=\"section\">\n\t\t\t\t\t\t<div class=\"elementor-container elementor-column-gap-default\">\n\t\t\t\t\t<div class=\"elementor-column elementor-col-33 elementor-top-column elementor-element elementor-element-c168bfb\" data-id=\"c168bfb\" data-element_type=\"column\" data-e-type=\"column\">\n\t\t\t<div class=\"elementor-widget-wrap elementor-element-populated\">\n\t\t\t\t\t\t<div class=\"elementor-element elementor-element-93f51c5 elementor-widget elementor-widget-heading\" data-id=\"93f51c5\" data-element_type=\"widget\" data-e-type=\"widget\" data-widget_type=\"heading.default\">\n\t\t\t\t\t<h3 class=\"elementor-heading-title elementor-size-default\">VALORES<\/h3>\t\t\t\t<\/div>\n\t\t\t\t\t<\/div>\n\t\t<\/div>\n\t\t\t\t<div class=\"elementor-column elementor-col-66 elementor-top-column elementor-element elementor-element-1912589\" data-id=\"1912589\" data-element_type=\"column\" data-e-type=\"column\" data-settings=\"{&quot;background_background&quot;:&quot;classic&quot;}\">\n\t\t\t<div class=\"elementor-widget-wrap elementor-element-populated\">\n\t\t\t\t\t\t<div class=\"elementor-element elementor-element-f5a756f elementor-widget elementor-widget-text-editor\" data-id=\"f5a756f\" data-element_type=\"widget\" data-e-type=\"widget\" data-widget_type=\"text-editor.default\">\n\t\t\t\t\t\t\t\t\tLorem ipsum dolor sit amet, consectetur adipiscing elit. Aliquam at semper ligula. Curabitur consequat vehicula lorem. Proin vitae nisl lobortis, lacinia odio hendrerit, efficitur lectus. Morbi fringilla neque non placerat blandit. Sed nec vehicula felis. Maecenas gravida leo ut tellus sodales, quis lacinia tortor pulvinar. Vestibulum tellus turpis, vestibulum sit amet tristique ut, auctor id nunc. In lacinia efficitur pulvinar. Suspendisse dictum nibh felis, non suscipit sem bibendum vitae.\t\t\t\t\t\t\t\t<\/div>\n\t\t\t\t\t<\/div>\n\t\t<\/div>\n\t\t\t\t\t<\/div>\n\t\t<\/section>\n\t\t\t\t<section class=\"elementor-section elementor-top-section elementor-element elementor-element-a55fcd6 elementor-section-boxed elementor-section-height-default elementor-section-height-default\" data-id=\"a55fcd6\" data-element_type=\"section\" data-e-type=\"section\">\n\t\t\t\t\t\t<div class=\"elementor-container elementor-column-gap-default\">\n\t\t\t\t\t<div class=\"elementor-column elementor-col-100 elementor-top-column elementor-element elementor-element-fb15737\" data-id=\"fb15737\" data-element_type=\"column\" data-e-type=\"column\">\n\t\t\t<div class=\"elementor-widget-wrap elementor-element-populated\">\n\t\t\t\t\t\t<div class=\"elementor-element elementor-element-1708db5 elementor-widget elementor-widget-heading\" data-id=\"1708db5\" data-element_type=\"widget\" data-e-type=\"widget\" data-widget_type=\"heading.default\">\n\t\t\t\t\t<h2 class=\"elementor-heading-title elementor-size-default\">Conhe\u00e7a nossa equipe<\/h2>\t\t\t\t<\/div>\n\t\t\t\t<div class=\"elementor-element elementor-element-0890706 elementor-widget elementor-widget-ucaddon_team_member_grid\" data-id=\"0890706\" data-element_type=\"widget\" data-e-type=\"widget\" data-widget_type=\"ucaddon_team_member_grid.default\">\n\t\t\t\t<div class=\"elementor-widget-container\">\n\t\t\t\t\t\n<!-- start Team Member Grid -->\n\t\t<link id='font-awesome-css' href='https:\/\/quasemineira.com.br\/travel\/wp-content\/plugins\/unlimited-elements-for-elementor-premium\/assets_libraries\/font-awesome6\/fontawesome-all.min.css' type='text\/css' rel='stylesheet' >\n\t\t<link id='font-awesome-4-shim-css' href='https:\/\/quasemineira.com.br\/travel\/wp-content\/plugins\/unlimited-elements-for-elementor-premium\/assets_libraries\/font-awesome6\/fontawesome-v4-shims.min.css' type='text\/css' rel='stylesheet' >\n\n<style>\/* widget: Team Member Grid *\/\n\n\n\n#uc_team_member_grid_elementor_0890706 *{\n  box-sizing:border-box;\n}\n#uc_team_member_grid_elementor_0890706\n{\n  position:relative;\n  display:grid;\n}\n\n\n#uc_team_member_grid_elementor_0890706 .team_member_grid_image_container\n{\n  display:inline-block;\n  overflow:hidden;\n  position:relative;\n  vertical-align:bottom;\n}\n\n\n#uc_team_member_grid_elementor_0890706 .team_member_grid_image\n{\n  vertical-align:bottom;\n}\n\n#uc_team_member_grid_elementor_0890706 .team_member_grid_image img\n{\n  object-fit:cover;\n  width:100%;\n  display:block;\n  transition:0.5s;\n  vertical-align:bottom;\n}\n#uc_team_member_grid_elementor_0890706 .ue_grid_item\n{\n  position:relative;\n  overflow:hidden;  display:flex;\n  flex-direction:column;\n\n}\n.team_member_grid_title\n{\n  font-size:18px;\n}\n\n#uc_team_member_grid_elementor_0890706 .team_member_grid_icons a\n{\n  display:inline-flex;\n  text-decoration:none;\n  align-items:center;\n  justify-content:center;\n  line-height:1em;\n  transition:0.3s;\n}\n\n#uc_team_member_grid_elementor_0890706 .team_member_grid_icons a svg\n{\n  width:1em;\n  height:1em;\n}\n\n#uc_team_member_grid_elementor_0890706 .uc_more_btn\n{\n  transition:0.3s;\n  text-align:center;\n  text-decoration:none;\n}\n\n#uc_team_member_grid_elementor_0890706 .team_member_grid_image_overlay\n{\n  position:absolute;\n  top:0;\n  left:0;\n  transition:0.3s;\n  display:flex;\n  flex-direction:column;\n  justify-content:center;\n  align-items:center;\n}\n\n#uc_team_member_grid_elementor_0890706 .team_member_grid_content\n{\n  display:flex;\n  flex-direction:column;\n  flex-grow: 1;\n}\n\n\n#uc_team_member_grid_elementor_0890706 .team_member_grid_content .team_member_grid_text\n{\nflex-grow: 1;\n}\n\n#uc_team_member_grid_elementor_0890706 .team_member_grid_content .team_member_grid_icons\n{\n  margin-top:auto;\n}\n\n#uc_team_member_grid_elementor_0890706 .ue-company-logo img\n{\n  width:100%;\n}\n\n\n<\/style>\n\n<div id=\"uc_team_member_grid_elementor_0890706\" class=\"team_member_grid uc-items-wrapper  \" >\n  \n<div class=\"ue_grid_item\">\n  <div class=\"team_member_grid_header\">\n    \n          <div class=\"team_member_grid_image\">\n        <div class=\"team_member_grid_image_container\">\n          <img decoding=\"async\" src=\"https:\/\/quasemineira.com.br\/travel\/wp-content\/uploads\/ac_assets\/team_member_grid\/avatar.jpeg\" alt=\"\"  src=\"https:\/\/quasemineira.com.br\/travel\/wp-content\/uploads\/ac_assets\/team_member_grid\/avatar.jpeg\">\n          <div class=\"team_member_grid_image_overlay\">\n            \t\n                                  <\/div>\n        <\/div>\n      <\/div>\n    \n    \t\n    \t\n          \n        \n  <\/div>\n  \n  <div class=\"team_member_grid_content\">\n        \n    <div class=\"team_member_grid_title\">Tiffany Patrick<\/div>\t\n    <div class=\"team_member_grid_subtitle\">Web Creator<\/div>        \n    \n    <div class=\"team_member_grid_text\">Plan, create and code internet sites and web pages.<\/div>\t\n    <div class=\"team_member_grid_icons\">\n  <a class=\"\" href=\"#\" ><i class='fab fa-facebook-f'><\/i><\/a>\t\n  <a class=\"\" href=\"#\" ><i class='fab fa-twitter'><\/i><\/a>\t\n  <a class=\"\" href=\"#\" ><i class='fab fa-instagram'><\/i><\/a>\t\n  \t\n<\/div>\n    \n        \n  <\/div>\n  \n    \n<\/div>\n\n<div class=\"ue_grid_item\">\n  <div class=\"team_member_grid_header\">\n    \n          <div class=\"team_member_grid_image\">\n        <div class=\"team_member_grid_image_container\">\n          <img decoding=\"async\" src=\"https:\/\/quasemineira.com.br\/travel\/wp-content\/uploads\/ac_assets\/team_member_grid\/avatar.jpeg\" alt=\"\"  src=\"https:\/\/quasemineira.com.br\/travel\/wp-content\/uploads\/ac_assets\/team_member_grid\/avatar.jpeg\">\n          <div class=\"team_member_grid_image_overlay\">\n            \t\n                                  <\/div>\n        <\/div>\n      <\/div>\n    \n    \t\n    \t\n          \n        \n  <\/div>\n  \n  <div class=\"team_member_grid_content\">\n        \n    <div class=\"team_member_grid_title\">Ernie Wilks<\/div>\t\n    <div class=\"team_member_grid_subtitle\">Web Creator<\/div>        \n    \n    <div class=\"team_member_grid_text\">Plan, create and code internet sites and web pages.<\/div>\t\n    <div class=\"team_member_grid_icons\">\n  <a class=\"\" href=\"#\" ><i class='fab fa-facebook-f'><\/i><\/a>\t\n  <a class=\"\" href=\"#\" ><i class='fab fa-twitter'><\/i><\/a>\t\n  <a class=\"\" href=\"#\" ><i class='fab fa-instagram'><\/i><\/a>\t\n  \t\n<\/div>\n    \n        \n  <\/div>\n  \n    \n<\/div>\n\n<div class=\"ue_grid_item\">\n  <div class=\"team_member_grid_header\">\n    \n          <div class=\"team_member_grid_image\">\n        <div class=\"team_member_grid_image_container\">\n          <img decoding=\"async\" src=\"https:\/\/quasemineira.com.br\/travel\/wp-content\/uploads\/ac_assets\/team_member_grid\/avatar.jpeg\" alt=\"\"  src=\"https:\/\/quasemineira.com.br\/travel\/wp-content\/uploads\/ac_assets\/team_member_grid\/avatar.jpeg\">\n          <div class=\"team_member_grid_image_overlay\">\n            \t\n                                  <\/div>\n        <\/div>\n      <\/div>\n    \n    \t\n    \t\n          \n        \n  <\/div>\n  \n  <div class=\"team_member_grid_content\">\n        \n    <div class=\"team_member_grid_title\">Celeste Munro<\/div>\t\n    <div class=\"team_member_grid_subtitle\">Web Creator<\/div>        \n    \n    <div class=\"team_member_grid_text\">Plan, create and code internet sites and web pages.<\/div>\t\n    <div class=\"team_member_grid_icons\">\n  <a class=\"\" href=\"#\" ><i class='fab fa-facebook-f'><\/i><\/a>\t\n  <a class=\"\" href=\"#\" ><i class='fab fa-twitter'><\/i><\/a>\t\n  <a class=\"\" href=\"#\" ><i class='fab fa-instagram'><\/i><\/a>\t\n  \t\n<\/div>\n    \n        \n  <\/div>\n  \n    \n<\/div>\n\n<\/div>\n<!-- end Team Member Grid -->\t\t\t\t<\/div>\n\t\t\t\t<\/div>\n\t\t\t\t\t<\/div>\n\t\t<\/div>\n\t\t\t\t\t<\/div>\n\t\t<\/section>\n\t\t\t\t<section class=\"elementor-section elementor-top-section elementor-element elementor-element-a9069a7 elementor-section-boxed elementor-section-height-default elementor-section-height-default\" data-id=\"a9069a7\" data-element_type=\"section\" data-e-type=\"section\" data-settings=\"{&quot;background_background&quot;:&quot;classic&quot;}\">\n\t\t\t\t\t\t\t<div class=\"elementor-background-overlay\"><\/div>\n\t\t\t\t\t\t\t<div class=\"elementor-container elementor-column-gap-default\">\n\t\t\t\t\t<div class=\"elementor-column elementor-col-100 elementor-top-column elementor-element elementor-element-f5d0f42\" data-id=\"f5d0f42\" data-element_type=\"column\" data-e-type=\"column\">\n\t\t\t<div class=\"elementor-widget-wrap elementor-element-populated\">\n\t\t\t\t\t\t<div class=\"elementor-element elementor-element-69a87c6 elementor-view-default elementor-widget elementor-widget-icon\" data-id=\"69a87c6\" data-element_type=\"widget\" data-e-type=\"widget\" data-widget_type=\"icon.default\">\n\t\t\t\t\t\t\t<div class=\"elementor-icon-wrapper\">\n\t\t\t<div class=\"elementor-icon\">\n\t\t\t<svg aria-hidden=\"true\" class=\"e-font-icon-svg e-far-paper-plane\" viewBox=\"0 0 512 512\" xmlns=\"http:\/\/www.w3.org\/2000\/svg\"><path d=\"M440 6.5L24 246.4c-34.4 19.9-31.1 70.8 5.7 85.9L144 379.6V464c0 46.4 59.2 65.5 86.6 28.6l43.8-59.1 111.9 46.2c5.9 2.4 12.1 3.6 18.3 3.6 8.2 0 16.3-2.1 23.6-6.2 12.8-7.2 21.6-20 23.9-34.5l59.4-387.2c6.1-40.1-36.9-68.8-71.5-48.9zM192 464v-64.6l36.6 15.1L192 464zm212.6-28.7l-153.8-63.5L391 169.5c10.7-15.5-9.5-33.5-23.7-21.2L155.8 332.6 48 288 464 48l-59.4 387.3z\"><\/path><\/svg>\t\t\t<\/div>\n\t\t<\/div>\n\t\t\t\t\t\t<\/div>\n\t\t\t\t<div class=\"elementor-element elementor-element-15b0b91 elementor-widget elementor-widget-heading\" data-id=\"15b0b91\" data-element_type=\"widget\" data-e-type=\"widget\" data-widget_type=\"heading.default\">\n\t\t\t\t\t<h2 class=\"elementor-heading-title elementor-size-default\">Cadastre-se\n<\/h2>\t\t\t\t<\/div>\n\t\t\t\t<div class=\"elementor-element elementor-element-d658b35 elementor-widget elementor-widget-text-editor\" data-id=\"d658b35\" data-element_type=\"widget\" data-e-type=\"widget\" data-widget_type=\"text-editor.default\">\n\t\t\t\t\t\t\t\t\tEste \u00e9 um formul\u00e1rio que vai capturar clientes (nome \/ email e telefone) interessados na sua ag\u00eancia.\t\t\t\t\t\t\t\t<\/div>\n\t\t\t\t<div class=\"elementor-element elementor-element-4cdaab1 elementor-button-align-stretch elementor-widget elementor-widget-form\" data-id=\"4cdaab1\" data-element_type=\"widget\" data-e-type=\"widget\" data-settings=\"{&quot;step_next_label&quot;:&quot;Next&quot;,&quot;step_previous_label&quot;:&quot;Previous&quot;,&quot;button_width&quot;:&quot;20&quot;,&quot;step_type&quot;:&quot;number_text&quot;,&quot;step_icon_shape&quot;:&quot;circle&quot;}\" data-widget_type=\"form.default\">\n\t\t\t\t\t\t\t<form class=\"elementor-form\" method=\"post\" id=\"formulario_home\" name=\"Formulario Home\" aria-label=\"Formulario Home\">\n\t\t\t<input type=\"hidden\" name=\"post_id\" value=\"40\"\/>\n\t\t\t<input type=\"hidden\" name=\"form_id\" value=\"4cdaab1\"\/>\n\t\t\t<input type=\"hidden\" name=\"referer_title\" value=\"Sobre | Site para Ag\u00eancias de Viagem\" \/>\n\n\t\t\t\t\t\t\t<input type=\"hidden\" name=\"queried_id\" value=\"40\"\/>\n\t\t\t\n\t\t\t<div class=\"ele-extensions-hide-form elementor-form-fields-wrapper elementor-labels-above\">\n\t\t\t\t\t\t\t\t<div class=\"elementor-field-type-text elementor-field-group elementor-column elementor-field-group-name elementor-col-25\">\n\t\t\t\t\t\t\t\t\t\t\t\t\t<input size=\"1\" type=\"text\" name=\"form_fields[name]\" id=\"form-field-name\" class=\"elementor-field elementor-size-sm  elementor-field-textual\" placeholder=\"Nome\">\n\t\t\t\t\t\t\t\t\t\t\t<\/div>\n\t\t\t\t\t\t\t\t<div class=\"elementor-field-type-email elementor-field-group elementor-column elementor-field-group-email elementor-col-30 elementor-field-required\">\n\t\t\t\t\t\t\t\t\t\t\t\t\t<input size=\"1\" type=\"email\" name=\"form_fields[email]\" id=\"form-field-email\" class=\"elementor-field elementor-size-sm  elementor-field-textual\" placeholder=\"E-mail\" required=\"required\">\n\t\t\t\t\t\t\t\t\t\t\t<\/div>\n\t\t\t\t\t\t\t\t<div class=\"elementor-field-type-tel elementor-field-group elementor-column elementor-field-group-message elementor-col-25\">\n\t\t\t\t\t\t\t<input size=\"1\" type=\"tel\" name=\"form_fields[message]\" id=\"form-field-message\" class=\"elementor-field elementor-size-sm  elementor-field-textual\" placeholder=\"Whatsapp\" pattern=\"[0-9()#&amp;+*-=.]+\" title=\"Only numbers and phone characters (#, -, *, etc) are accepted.\">\n\n\t\t\t\t\t\t<\/div>\n\t\t\t\t\t\t\t\t<div class=\"elementor-field-group elementor-column elementor-field-type-submit elementor-col-20 e-form__buttons\">\n\t\t\t\t\t<button class=\"elementor-button elementor-size-sm elementor-animation-grow\" type=\"submit\">\n\t\t\t\t\t\t<span class=\"elementor-button-content-wrapper\">\n\t\t\t\t\t\t\t\t\t\t\t\t\t\t\t<span class=\"elementor-button-icon\">\n\t\t\t\t\t\t\t\t\t<svg aria-hidden=\"true\" class=\"e-font-icon-svg e-far-paper-plane\" viewBox=\"0 0 512 512\" xmlns=\"http:\/\/www.w3.org\/2000\/svg\"><path d=\"M440 6.5L24 246.4c-34.4 19.9-31.1 70.8 5.7 85.9L144 379.6V464c0 46.4 59.2 65.5 86.6 28.6l43.8-59.1 111.9 46.2c5.9 2.4 12.1 3.6 18.3 3.6 8.2 0 16.3-2.1 23.6-6.2 12.8-7.2 21.6-20 23.9-34.5l59.4-387.2c6.1-40.1-36.9-68.8-71.5-48.9zM192 464v-64.6l36.6 15.1L192 464zm212.6-28.7l-153.8-63.5L391 169.5c10.7-15.5-9.5-33.5-23.7-21.2L155.8 332.6 48 288 464 48l-59.4 387.3z\"><\/path><\/svg>\t\t\t\t\t\t\t\t\t\t\t\t\t\t\t\t\t<\/span>\n\t\t\t\t\t\t\t\t\t\t\t\t\t\t\t\t\t\t\t\t\t\t<span class=\"elementor-button-text\">enviar<\/span>\n\t\t\t\t\t\t\t\t\t\t\t\t\t<\/span>\n\t\t\t\t\t<\/button>\n\t\t\t\t<\/div>\n\t\t\t<\/div>\n\t\t<\/form>\n\t\t\t\t\t\t<\/div>\n\t\t\t\t\t<\/div>\n\t\t<\/div>\n\t\t\t\t\t<\/div>\n\t\t<\/section>\n\t\t\t\t<\/div>\n\t\t","protected":false},"excerpt":{"rendered":"<p>Sobre Nesta p\u00e1gina vai um texto &#8220;sobre&#8221; sua ag\u00eancia e \u00e9 importante para mecanismos de buscas como o Google, Gemini, ChatGPT, etc; encontrar as informa\u00e7\u00f5es certas sobre sua ag\u00eancia de viagem. Aqui voc\u00ea vai contar a hist\u00f3ria da sua ag\u00eancia de viagem. Em que ano a empresa foi fundada, porqu\u00ea voc\u00ea escolheu trabalhar com turismo, [&hellip;]<\/p>\n","protected":false},"author":1,"featured_media":0,"parent":0,"menu_order":0,"comment_status":"closed","ping_status":"closed","template":"","meta":{"footnotes":""},"class_list":["post-40","page","type-page","status-publish","hentry"],"_links":{"self":[{"href":"https:\/\/quasemineira.com.br\/travel\/wp-json\/wp\/v2\/pages\/40","targetHints":{"allow":["GET"]}}],"collection":[{"href":"https:\/\/quasemineira.com.br\/travel\/wp-json\/wp\/v2\/pages"}],"about":[{"href":"https:\/\/quasemineira.com.br\/travel\/wp-json\/wp\/v2\/types\/page"}],"author":[{"embeddable":true,"href":"https:\/\/quasemineira.com.br\/travel\/wp-json\/wp\/v2\/users\/1"}],"replies":[{"embeddable":true,"href":"https:\/\/quasemineira.com.br\/travel\/wp-json\/wp\/v2\/comments?post=40"}],"version-history":[{"count":0,"href":"https:\/\/quasemineira.com.br\/travel\/wp-json\/wp\/v2\/pages\/40\/revisions"}],"wp:attachment":[{"href":"https:\/\/quasemineira.com.br\/travel\/wp-json\/wp\/v2\/media?parent=40"}],"curies":[{"name":"wp","href":"https:\/\/api.w.org\/{rel}","templated":true}]}}