{"id":42,"date":"2026-01-16T15:04:59","date_gmt":"2026-01-16T18:04:59","guid":{"rendered":"https:\/\/quasemineira.com.br\/travel\/?page_id=42"},"modified":"2026-02-23T14:53:48","modified_gmt":"2026-02-23T17:53:48","slug":"contato","status":"publish","type":"page","link":"https:\/\/quasemineira.com.br\/travel\/contato\/","title":{"rendered":"Contato"},"content":{"rendered":"\t\t<div data-elementor-type=\"wp-page\" data-elementor-id=\"42\" class=\"elementor elementor-42\" data-elementor-post-type=\"page\">\n\t\t\t\t\t\t<section class=\"elementor-section elementor-top-section elementor-element elementor-element-57b2080 elementor-section-content-middle elementor-section-boxed elementor-section-height-default elementor-section-height-default\" data-id=\"57b2080\" data-element_type=\"section\" data-e-type=\"section\">\n\t\t\t\t\t\t<div class=\"elementor-container elementor-column-gap-default\">\n\t\t\t\t\t<div class=\"elementor-column elementor-col-50 elementor-top-column elementor-element elementor-element-423d0df\" data-id=\"423d0df\" data-element_type=\"column\" data-e-type=\"column\" data-settings=\"{&quot;background_background&quot;:&quot;classic&quot;}\">\n\t\t\t<div class=\"elementor-widget-wrap elementor-element-populated\">\n\t\t\t\t\t\t<div class=\"elementor-element elementor-element-2211390 elementor-widget elementor-widget-heading\" data-id=\"2211390\" data-element_type=\"widget\" data-e-type=\"widget\" data-widget_type=\"heading.default\">\n\t\t\t\t\t<h2 class=\"elementor-heading-title elementor-size-default\">Vamos tirar o seu projeto do papel?<\/h2>\t\t\t\t<\/div>\n\t\t\t\t<div class=\"elementor-element elementor-element-07bf62d elementor-widget elementor-widget-text-editor\" data-id=\"07bf62d\" data-element_type=\"widget\" data-e-type=\"widget\" data-widget_type=\"text-editor.default\">\n\t\t\t\t\t\t\t\t\tConhe\u00e7a a nossa <strong>proposta<\/strong>, listamos<strong> tudo que est\u00e1 incluso<\/strong> no servi\u00e7o de cria\u00e7\u00e3o de sites para ag\u00eancias de viagens, o que voc\u00ea vai receber, quando vai pagar e as d\u00favidas frequentes. Mas <strong>n\u00e3o hesite em entrar em contato!<\/strong>\t\t\t\t\t\t\t\t<\/div>\n\t\t\t\t<div class=\"elementor-element elementor-element-ce628f0 elementor-widget elementor-widget-ucaddon_border_btn_effect\" data-id=\"ce628f0\" data-element_type=\"widget\" data-e-type=\"widget\" data-widget_type=\"ucaddon_border_btn_effect.default\">\n\t\t\t\t<div class=\"elementor-widget-container\">\n\t\t\t\t\t\n<!-- start Border Button Effect -->\n\t\t<link id='font-awesome-css' href='https:\/\/quasemineira.com.br\/travel\/wp-content\/plugins\/unlimited-elements-for-elementor-premium\/assets_libraries\/font-awesome6\/fontawesome-all.min.css' type='text\/css' rel='stylesheet' >\n\t\t<link id='font-awesome-4-shim-css' href='https:\/\/quasemineira.com.br\/travel\/wp-content\/plugins\/unlimited-elements-for-elementor-premium\/assets_libraries\/font-awesome6\/fontawesome-v4-shims.min.css' type='text\/css' rel='stylesheet' >\n\n<style>\/* widget: Border Button Effect *\/\n\n#uc_border_btn_effect_elementor_ce628f0 {\n  min-height:1px;\n}\n\n#uc_border_btn_effect_elementor_ce628f0 .ue-btn{\n  justify-content: center;\n  text-align: center;\n  position: relative;\n  text-decoration: none;\n  box-sizing:border-box;\n  outline:none;\n}\n\n#uc_border_btn_effect_elementor_ce628f0 .ue-btn:before,\n#uc_border_btn_effect_elementor_ce628f0 .ue-btn:after{\n  position: absolute;\n  content: \"\";\n}\n\n#uc_border_btn_effect_elementor_ce628f0 .ue-btn:before{\n  border-bottom: 3px solid #171C4C;\n  border-left: 3px solid #171C4C;\n  width: 20px;\n  height: 20px;\n  left: -10px;\n  bottom: -10px;\n}\n\n#uc_border_btn_effect_elementor_ce628f0 .ue-btn:after{\n  border-top: 3px solid #171C4C;\n  border-right: 3px solid #171C4C;\n  width: 20px;\n  height: 20px;\n  top: -10px;\n  right: -10px;\n}\n\n#uc_border_btn_effect_elementor_ce628f0 .ue-btn:hover:before{\n  width: 100%;\n  height: 100%;\n}\n\n#uc_border_btn_effect_elementor_ce628f0 .ue-btn:hover:after{\n  width: 100%;\n  height: 100%;\n}\n\n\n\n<\/style>\n\n<div id=\"uc_border_btn_effect_elementor_ce628f0\" class=\"ue-btn-wrapper\">\n  <a class=\"ue-btn\" href=\"https:\/\/quasemineira.com.br\/travel\/proposta\/\"  aria-label=\"CONHE\u00c7A NOSSA PROPOSTA\">\n        CONHE\u00c7A NOSSA PROPOSTA\n  <\/a>\n<\/div>\n<!-- end Border Button Effect -->\t\t\t\t<\/div>\n\t\t\t\t<\/div>\n\t\t\t\t<div class=\"elementor-element elementor-element-a4f6e96 elementor-widget elementor-widget-text-editor\" data-id=\"a4f6e96\" data-element_type=\"widget\" data-e-type=\"widget\" data-widget_type=\"text-editor.default\">\n\t\t\t\t\t\t\t\t\tEst\u00e1 pronto para transformar sua ag\u00eancia em uma autoridade digital? <strong>Clique no bot\u00e3o para conversarmos pelo WhatsApp ou preencha o formul\u00e1rio.<\/strong> Estou pronto para ajudar voc\u00ea a conquistar mais viajantes!\t\t\t\t\t\t\t\t<\/div>\n\t\t\t\t<div class=\"elementor-element elementor-element-2825a7e elementor-widget elementor-widget-ucaddon_border_btn_effect\" data-id=\"2825a7e\" data-element_type=\"widget\" data-e-type=\"widget\" data-widget_type=\"ucaddon_border_btn_effect.default\">\n\t\t\t\t<div class=\"elementor-widget-container\">\n\t\t\t\t\t\n<!-- start Border Button Effect -->\n\n<style>\/* widget: Border Button Effect *\/\n\n#uc_border_btn_effect_elementor_2825a7e {\n  min-height:1px;\n}\n\n#uc_border_btn_effect_elementor_2825a7e .ue-btn{\n  justify-content: center;\n  text-align: center;\n  position: relative;\n  text-decoration: none;\n  box-sizing:border-box;\n  outline:none;\n}\n\n#uc_border_btn_effect_elementor_2825a7e .ue-btn:before,\n#uc_border_btn_effect_elementor_2825a7e .ue-btn:after{\n  position: absolute;\n  content: \"\";\n}\n\n#uc_border_btn_effect_elementor_2825a7e .ue-btn:before{\n  border-bottom: 3px solid #15FF00;\n  border-left: 3px solid #15FF00;\n  width: 20px;\n  height: 20px;\n  left: -10px;\n  bottom: -10px;\n}\n\n#uc_border_btn_effect_elementor_2825a7e .ue-btn:after{\n  border-top: 3px solid #15FF00;\n  border-right: 3px solid #15FF00;\n  width: 20px;\n  height: 20px;\n  top: -10px;\n  right: -10px;\n}\n\n#uc_border_btn_effect_elementor_2825a7e .ue-btn:hover:before{\n  width: 100%;\n  height: 100%;\n}\n\n#uc_border_btn_effect_elementor_2825a7e .ue-btn:hover:after{\n  width: 100%;\n  height: 100%;\n}\n\n  #uc_border_btn_effect_elementor_2825a7e .ue_btn_icon{\n    display:flex;\n    justify-content:center;\n    align-items:center;\n  }\n  #uc_border_btn_effect_elementor_2825a7e .ue_btn_icon svg{\n    width:1em;\n    height:1em;\n  }\n\n\n<\/style>\n\n<div id=\"uc_border_btn_effect_elementor_2825a7e\" class=\"ue-btn-wrapper\">\n  <a class=\"ue-btn\" href=\"https:\/\/wa.me\/5518981672187?text=Gostaria%20de%20saber%20mais%20sobre%20o%20site%20para%20viagens...\" aria-label=\"Chamar no Whatsapp\" target=\"_blank\" rel=\"noopener\">\n    <span class=\"ue_btn_icon\" role=\"img\" aria-hidden=\"true\"><i class='fas fa-phone-square'><\/i><\/span>    Chamar no Whatsapp\n  <\/a>\n<\/div>\n<!-- end Border Button Effect -->\t\t\t\t<\/div>\n\t\t\t\t<\/div>\n\t\t\t\t\t<\/div>\n\t\t<\/div>\n\t\t\t\t<div class=\"elementor-column elementor-col-50 elementor-top-column elementor-element elementor-element-a2cea08\" data-id=\"a2cea08\" data-element_type=\"column\" data-e-type=\"column\" data-settings=\"{&quot;background_background&quot;:&quot;gradient&quot;}\">\n\t\t\t<div class=\"elementor-widget-wrap elementor-element-populated\">\n\t\t\t\t\t\t<div class=\"elementor-element elementor-element-94d91d4 elementor-button-align-stretch elementor-widget elementor-widget-form\" data-id=\"94d91d4\" data-element_type=\"widget\" data-e-type=\"widget\" data-settings=\"{&quot;step_next_label&quot;:&quot;Next&quot;,&quot;step_previous_label&quot;:&quot;Previous&quot;,&quot;button_width&quot;:&quot;100&quot;,&quot;step_type&quot;:&quot;number_text&quot;,&quot;step_icon_shape&quot;:&quot;circle&quot;}\" data-widget_type=\"form.default\">\n\t\t\t\t\t\t\t<form class=\"elementor-form\" method=\"post\" id=\"form_contato\" name=\"Form de Contato\" aria-label=\"Form de Contato\">\n\t\t\t<input type=\"hidden\" name=\"post_id\" value=\"42\"\/>\n\t\t\t<input type=\"hidden\" name=\"form_id\" value=\"94d91d4\"\/>\n\t\t\t<input type=\"hidden\" name=\"referer_title\" value=\"\" \/>\n\n\t\t\t\n\t\t\t<div class=\"ele-extensions-hide-form elementor-form-fields-wrapper elementor-labels-above\">\n\t\t\t\t\t\t\t\t<div class=\"elementor-field-type-text elementor-field-group elementor-column elementor-field-group-name elementor-col-100 elementor-field-required elementor-mark-required\">\n\t\t\t\t\t\t\t\t\t\t\t\t<label for=\"form-field-name\" class=\"elementor-field-label\">\n\t\t\t\t\t\t\t\tSeu nome\t\t\t\t\t\t\t<\/label>\n\t\t\t\t\t\t\t\t\t\t\t\t\t\t<input size=\"1\" type=\"text\" name=\"form_fields[name]\" id=\"form-field-name\" class=\"elementor-field elementor-size-sm  elementor-field-textual\" placeholder=\"Nome\" required=\"required\">\n\t\t\t\t\t\t\t\t\t\t\t<\/div>\n\t\t\t\t\t\t\t\t<div class=\"elementor-field-type-email elementor-field-group elementor-column elementor-field-group-email elementor-col-50 elementor-field-required elementor-mark-required\">\n\t\t\t\t\t\t\t\t\t\t\t\t<label for=\"form-field-email\" class=\"elementor-field-label\">\n\t\t\t\t\t\t\t\tSeu melhor e-mail\t\t\t\t\t\t\t<\/label>\n\t\t\t\t\t\t\t\t\t\t\t\t\t\t<input size=\"1\" type=\"email\" name=\"form_fields[email]\" id=\"form-field-email\" class=\"elementor-field elementor-size-sm  elementor-field-textual\" placeholder=\"E-mail\" required=\"required\">\n\t\t\t\t\t\t\t\t\t\t\t<\/div>\n\t\t\t\t\t\t\t\t<div class=\"elementor-field-type-tel elementor-field-group elementor-column elementor-field-group-field_ecb361c elementor-col-50 elementor-field-required elementor-mark-required\">\n\t\t\t\t\t\t\t\t\t\t\t\t<label for=\"form-field-field_ecb361c\" class=\"elementor-field-label\">\n\t\t\t\t\t\t\t\tWhatsApp para contato\t\t\t\t\t\t\t<\/label>\n\t\t\t\t\t\t\t\t<input size=\"1\" type=\"tel\" name=\"form_fields[field_ecb361c]\" id=\"form-field-field_ecb361c\" class=\"elementor-field elementor-size-sm  elementor-field-textual\" required=\"required\" pattern=\"[0-9()#&amp;+*-=.]+\" title=\"Only numbers and phone characters (#, -, *, etc) are accepted.\">\n\n\t\t\t\t\t\t<\/div>\n\t\t\t\t\t\t\t\t<div class=\"elementor-field-type-textarea elementor-field-group elementor-column elementor-field-group-message elementor-col-100\">\n\t\t\t\t\t\t\t\t\t\t\t\t<label for=\"form-field-message\" class=\"elementor-field-label\">\n\t\t\t\t\t\t\t\tMensagem\t\t\t\t\t\t\t<\/label>\n\t\t\t\t\t\t<textarea class=\"elementor-field-textual elementor-field  elementor-size-sm\" name=\"form_fields[message]\" id=\"form-field-message\" rows=\"4\" placeholder=\"Mensagem\"><\/textarea>\t\t\t\t<\/div>\n\t\t\t\t\t\t\t\t<div class=\"elementor-field-group elementor-column elementor-field-type-submit elementor-col-100 e-form__buttons\">\n\t\t\t\t\t<button class=\"elementor-button elementor-size-sm\" type=\"submit\">\n\t\t\t\t\t\t<span class=\"elementor-button-content-wrapper\">\n\t\t\t\t\t\t\t\t\t\t\t\t\t\t\t<span class=\"elementor-button-icon\">\n\t\t\t\t\t\t\t\t\t<svg aria-hidden=\"true\" class=\"e-font-icon-svg e-far-paper-plane\" viewBox=\"0 0 512 512\" xmlns=\"http:\/\/www.w3.org\/2000\/svg\"><path d=\"M440 6.5L24 246.4c-34.4 19.9-31.1 70.8 5.7 85.9L144 379.6V464c0 46.4 59.2 65.5 86.6 28.6l43.8-59.1 111.9 46.2c5.9 2.4 12.1 3.6 18.3 3.6 8.2 0 16.3-2.1 23.6-6.2 12.8-7.2 21.6-20 23.9-34.5l59.4-387.2c6.1-40.1-36.9-68.8-71.5-48.9zM192 464v-64.6l36.6 15.1L192 464zm212.6-28.7l-153.8-63.5L391 169.5c10.7-15.5-9.5-33.5-23.7-21.2L155.8 332.6 48 288 464 48l-59.4 387.3z\"><\/path><\/svg>\t\t\t\t\t\t\t\t\t\t\t\t\t\t\t\t\t<\/span>\n\t\t\t\t\t\t\t\t\t\t\t\t\t\t\t\t\t\t\t\t\t\t<span class=\"elementor-button-text\">Enviar<\/span>\n\t\t\t\t\t\t\t\t\t\t\t\t\t<\/span>\n\t\t\t\t\t<\/button>\n\t\t\t\t<\/div>\n\t\t\t<\/div>\n\t\t<\/form>\n\t\t\t\t\t\t<\/div>\n\t\t\t\t<div class=\"elementor-element elementor-element-537aa25 elementor-hidden-mobile elementor-widget elementor-widget-image\" data-id=\"537aa25\" data-element_type=\"widget\" data-e-type=\"widget\" data-widget_type=\"image.default\">\n\t\t\t\t\t\t\t\t\t\t\t\t\t\t\t<img fetchpriority=\"high\" decoding=\"async\" width=\"1920\" height=\"480\" src=\"https:\/\/quasemineira.com.br\/travel\/wp-content\/uploads\/2026\/02\/Desktop-Banner-Dependencia.png\" class=\"attachment-full size-full wp-image-406\" alt=\"\" srcset=\"https:\/\/quasemineira.com.br\/travel\/wp-content\/uploads\/2026\/02\/Desktop-Banner-Dependencia.png 1920w, https:\/\/quasemineira.com.br\/travel\/wp-content\/uploads\/2026\/02\/Desktop-Banner-Dependencia-300x75.png 300w, https:\/\/quasemineira.com.br\/travel\/wp-content\/uploads\/2026\/02\/Desktop-Banner-Dependencia-1024x256.png 1024w, https:\/\/quasemineira.com.br\/travel\/wp-content\/uploads\/2026\/02\/Desktop-Banner-Dependencia-768x192.png 768w, https:\/\/quasemineira.com.br\/travel\/wp-content\/uploads\/2026\/02\/Desktop-Banner-Dependencia-1536x384.png 1536w\" sizes=\"(max-width: 1920px) 100vw, 1920px\" \/>\t\t\t\t\t\t\t\t\t\t\t\t\t\t\t<\/div>\n\t\t\t\t\t<\/div>\n\t\t<\/div>\n\t\t\t\t\t<\/div>\n\t\t<\/section>\n\t\t\t\t<section class=\"elementor-section elementor-top-section elementor-element elementor-element-4df9b54 elementor-section-boxed elementor-section-height-default elementor-section-height-default\" data-id=\"4df9b54\" data-element_type=\"section\" data-e-type=\"section\">\n\t\t\t\t\t\t<div class=\"elementor-container elementor-column-gap-default\">\n\t\t\t\t\t<div class=\"elementor-column elementor-col-100 elementor-top-column elementor-element elementor-element-7b11898\" data-id=\"7b11898\" data-element_type=\"column\" data-e-type=\"column\">\n\t\t\t<div class=\"elementor-widget-wrap elementor-element-populated\">\n\t\t\t\t\t\t<div class=\"elementor-element elementor-element-1d2c57f elementor-widget elementor-widget-text-editor\" data-id=\"1d2c57f\" data-element_type=\"widget\" data-e-type=\"widget\" data-widget_type=\"text-editor.default\">\n\t\t\t\t\t\t\t\t\t<p>Nesta se\u00e7\u00e3o, seus clientes encontram um formul\u00e1rio de contato personalizado que envia todas as solicita\u00e7\u00f5es diretamente para a sua caixa de e-mail, de forma organizada. Al\u00e9m disso, centralizamos todas as suas redes sociais, endere\u00e7o completo com mapa integrado e qualquer outra forma de contato que sua ag\u00eancia utilize. O objetivo \u00e9 garantir que nenhum viajante fique sem resposta e que voc\u00ea tenha o controle total de todos os novos or\u00e7amentos.<\/p>\t\t\t\t\t\t\t\t<\/div>\n\t\t\t\t\t<\/div>\n\t\t<\/div>\n\t\t\t\t\t<\/div>\n\t\t<\/section>\n\t\t\t\t<section class=\"elementor-section elementor-top-section elementor-element elementor-element-f9cc6c1 elementor-section-height-min-height elementor-section-content-middle elementor-section-boxed elementor-section-height-default elementor-section-items-middle\" data-id=\"f9cc6c1\" data-element_type=\"section\" data-e-type=\"section\" data-settings=\"{&quot;background_background&quot;:&quot;classic&quot;}\">\n\t\t\t\t\t\t\t<div class=\"elementor-background-overlay\"><\/div>\n\t\t\t\t\t\t\t<div class=\"elementor-container elementor-column-gap-default\">\n\t\t\t\t\t<div class=\"elementor-column elementor-col-100 elementor-top-column elementor-element elementor-element-35e2ddd\" data-id=\"35e2ddd\" data-element_type=\"column\" data-e-type=\"column\">\n\t\t\t<div class=\"elementor-widget-wrap\">\n\t\t\t\t\t\t\t<\/div>\n\t\t<\/div>\n\t\t\t\t\t<\/div>\n\t\t<\/section>\n\t\t\t\t<\/div>\n\t\t","protected":false},"excerpt":{"rendered":"<p>Vamos tirar o seu projeto do papel? Conhe\u00e7a a nossa proposta, listamos tudo que est\u00e1 incluso no servi\u00e7o de cria\u00e7\u00e3o de sites para ag\u00eancias de viagens, o que voc\u00ea vai receber, quando vai pagar e as d\u00favidas frequentes. Mas n\u00e3o hesite em entrar em contato! CONHE\u00c7A NOSSA PROPOSTA Est\u00e1 pronto para transformar sua ag\u00eancia em [&hellip;]<\/p>\n","protected":false},"author":1,"featured_media":0,"parent":0,"menu_order":0,"comment_status":"closed","ping_status":"closed","template":"","meta":{"footnotes":""},"class_list":["post-42","page","type-page","status-publish","hentry"],"_links":{"self":[{"href":"https:\/\/quasemineira.com.br\/travel\/wp-json\/wp\/v2\/pages\/42","targetHints":{"allow":["GET"]}}],"collection":[{"href":"https:\/\/quasemineira.com.br\/travel\/wp-json\/wp\/v2\/pages"}],"about":[{"href":"https:\/\/quasemineira.com.br\/travel\/wp-json\/wp\/v2\/types\/page"}],"author":[{"embeddable":true,"href":"https:\/\/quasemineira.com.br\/travel\/wp-json\/wp\/v2\/users\/1"}],"replies":[{"embeddable":true,"href":"https:\/\/quasemineira.com.br\/travel\/wp-json\/wp\/v2\/comments?post=42"}],"version-history":[{"count":0,"href":"https:\/\/quasemineira.com.br\/travel\/wp-json\/wp\/v2\/pages\/42\/revisions"}],"wp:attachment":[{"href":"https:\/\/quasemineira.com.br\/travel\/wp-json\/wp\/v2\/media?parent=42"}],"curies":[{"name":"wp","href":"https:\/\/api.w.org\/{rel}","templated":true}]}}